{"id":18467,"date":"2021-08-04T08:07:31","date_gmt":"2021-08-04T08:07:31","guid":{"rendered":"https:\/\/evocom.net\/contact-2"},"modified":"2022-11-15T15:46:50","modified_gmt":"2022-11-15T15:46:50","slug":"kontakt","status":"publish","type":"page","link":"https:\/\/evocom.net\/de\/kontakt\/","title":{"rendered":"Kontakt"},"content":{"rendered":"\t\t<div data-elementor-type=\"wp-page\" data-elementor-id=\"18467\" class=\"elementor elementor-18467 elementor-5668\" data-elementor-settings=\"{&quot;ha_cmc_init_switcher&quot;:&quot;no&quot;}\" data-elementor-post-type=\"page\">\n\t\t\t\t\t\t<section class=\"elementor-section elementor-top-section elementor-element elementor-element-4d1330f elementor-section-boxed elementor-section-height-default elementor-section-height-default\" data-id=\"4d1330f\" data-element_type=\"section\" data-settings=\"{&quot;background_background&quot;:&quot;gradient&quot;,&quot;_ha_eqh_enable&quot;:false}\">\n\t\t\t\t\t\t<div class=\"elementor-container elementor-column-gap-default\">\n\t\t\t\t\t<div class=\"elementor-column elementor-col-50 elementor-top-column elementor-element elementor-element-7d88f86\" data-id=\"7d88f86\" data-element_type=\"column\">\n\t\t\t<div class=\"elementor-widget-wrap elementor-element-populated\">\n\t\t\t\t\t\t<div class=\"elementor-element elementor-element-b0f239d elementor-widget elementor-widget-ld_fancy_image\" data-id=\"b0f239d\" data-element_type=\"widget\" data-widget_type=\"ld_fancy_image.default\">\n\t\t\t\t<div class=\"elementor-widget-container\">\n\t\t\t\t\t\n\t\t<div class=\"lqd-imggrp-single d-block pos-rel \">\n\t\t\t<div class=\"lqd-imggrp-img-container d-inline-flex pos-rel align-items-center justify-content-center \">\n\t\t\t\t\t\t\t\t<figure class=\"w-100 pos-rel\">\n\t\t\t\t\t<img fetchpriority=\"high\" decoding=\"async\" width=\"1400\" height=\"1691\" src=\"https:\/\/evocom.net\/wp-content\/uploads\/2022\/10\/Contact.png\" class=\"attachment-full size-full wp-image-16356\" alt=\"\" srcset=\"https:\/\/evocom.net\/wp-content\/uploads\/2022\/10\/Contact.png 1400w, https:\/\/evocom.net\/wp-content\/uploads\/2022\/10\/Contact-248x300.png 248w, https:\/\/evocom.net\/wp-content\/uploads\/2022\/10\/Contact-848x1024.png 848w, https:\/\/evocom.net\/wp-content\/uploads\/2022\/10\/Contact-1272x1536.png 1272w\" sizes=\"(max-width: 1400px) 100vw, 1400px\" itemprop=\"image\" \/>\t\t\t\t\t\t\t\t\t\t\t\t\t\t\t\t\t\t\t\t\t\t\t\t\t\t\t\t\t<\/figure>\n\t\t\t<\/div>\n\t\t<\/div>\n\n\t\t\t\t\t<\/div>\n\t\t\t\t<\/div>\n\t\t\t\t\t<\/div>\n\t\t<\/div>\n\t\t\t\t<div class=\"elementor-column elementor-col-50 elementor-top-column elementor-element elementor-element-1d8014f\" data-id=\"1d8014f\" data-element_type=\"column\">\n\t\t\t<div class=\"elementor-widget-wrap elementor-element-populated\">\n\t\t\t\t\t\t<div class=\"elementor-element elementor-element-47c6594 elementor-widget elementor-widget-hub_fancy_heading\" data-id=\"47c6594\" data-element_type=\"widget\" data-widget_type=\"hub_fancy_heading.default\">\n\t\t\t\t<div class=\"elementor-widget-container\">\n\t\t\t\t\t\n\t\t<div id=\"ld-fancy-heading-69e18f04bae24\" class=\"ld-fancy-heading pos-rel\">\n\t\t\t<h2 class=\"ld-fh-element d-inline-block pos-rel  elementor-heading-title lqd-highlight-classic lqd-highlight-grow-left h2\"  > Kontakt zu Evocom<\/h2>\t\t<\/div>\n\n\t\t\t\t\t\t<\/div>\n\t\t\t\t<\/div>\n\t\t\t\t<div class=\"elementor-element elementor-element-abca2e2 elementor-widget elementor-widget-hub_fancy_heading\" data-id=\"abca2e2\" data-element_type=\"widget\" data-widget_type=\"hub_fancy_heading.default\">\n\t\t\t\t<div class=\"elementor-widget-container\">\n\t\t\t\t\t\n\t\t<div id=\"ld-fancy-heading-69e18f04bb66c\" class=\"ld-fancy-heading pos-rel\">\n\t\t\t<p class=\"ld-fh-element d-inline-block pos-rel  lqd-highlight-classic lqd-highlight-grow-left p\"  > Ben\u00f6tigen Sie weitere Informationen oder haben Sie einen Prozess oder Workflow, zu dem Sie eine fachliche Einsch\u00e4tzung ben\u00f6tigen? <br><br>Senden Sie uns eine Nachricht und ein Evocom-Mitarbeiter wird sich so schnell wie m\u00f6glich mit Ihnen in Verbindung setzen. <\/p>\t\t<\/div>\n\n\t\t\t\t\t\t<\/div>\n\t\t\t\t<\/div>\n\t\t\t\t<div class=\"elementor-element elementor-element-87e1142 elementor-widget elementor-widget-ld_cf722\" data-id=\"87e1142\" data-element_type=\"widget\" data-widget_type=\"ld_cf722.default\">\n\t\t\t\t<div class=\"elementor-widget-container\">\n\t\t\t\t\t\n\t<div class=\"lqd-contact-form lqd-contact-form-inputs-underlined lqd-contact-form-inputs-border-thick       \">\n\t\t\n<div class=\"wpcf7 no-js\" id=\"wpcf7-f20011-o1\" lang=\"de-DE\" dir=\"ltr\" data-wpcf7-id=\"20011\">\n<div class=\"screen-reader-response\"><p role=\"status\" aria-live=\"polite\" aria-atomic=\"true\"><\/p> <ul><\/ul><\/div>\n<form action=\"\/de\/wp-json\/wp\/v2\/pages\/18467#wpcf7-f20011-o1\" method=\"post\" class=\"wpcf7-form init\" aria-label=\"Kontaktformular\" novalidate=\"novalidate\" data-status=\"init\">\n<fieldset class=\"hidden-fields-container\"><input type=\"hidden\" name=\"_wpcf7\" value=\"20011\" \/><input type=\"hidden\" name=\"_wpcf7_version\" value=\"6.1.4\" \/><input type=\"hidden\" name=\"_wpcf7_locale\" value=\"de_DE\" \/><input type=\"hidden\" name=\"_wpcf7_unit_tag\" value=\"wpcf7-f20011-o1\" \/><input type=\"hidden\" name=\"_wpcf7_container_post\" value=\"0\" \/><input type=\"hidden\" name=\"_wpcf7_posted_data_hash\" value=\"\" \/><input type=\"hidden\" name=\"_wpcf7_recaptcha_response\" value=\"\" \/>\n<\/fieldset>\n<div class=\"row\">\n\t<div class=\"col-md-6\">\n\t\t<p><span class=\"wpcf7-form-control-wrap\" data-name=\"name-586\"><input size=\"40\" maxlength=\"400\" class=\"wpcf7-form-control wpcf7-text wpcf7-validates-as-required\" aria-required=\"true\" aria-invalid=\"false\" placeholder=\"Ihr Name\" value=\"\" type=\"text\" name=\"name-586\" \/><\/span>\n\t\t<\/p>\n\t<\/div>\n\t<div class=\"col-md-6\">\n\t\t<p><span class=\"wpcf7-form-control-wrap\" data-name=\"email-889\"><input size=\"40\" maxlength=\"400\" class=\"wpcf7-form-control wpcf7-email wpcf7-validates-as-required wpcf7-text wpcf7-validates-as-email\" aria-required=\"true\" aria-invalid=\"false\" placeholder=\"Business E-Mail\" value=\"\" type=\"email\" name=\"email-889\" \/><\/span>\n\t\t<\/p>\n\t<\/div>\n\t<p><span id=\"wpcf7-69e18f04be5c3-wrapper\" class=\"wpcf7-form-control-wrap firma-wrap\" style=\"display:none !important; visibility:hidden !important;\"><input type=\"hidden\" name=\"firma-time-start\" value=\"1776389892\"><input type=\"hidden\" name=\"firma-time-check\" value=\"4\"><label for=\"wpcf7-69e18f04be5c3-field\" class=\"hp-message\">Bitte lasse dieses Feld leer.<\/label><input id=\"wpcf7-69e18f04be5c3-field\"  placeholder=\"firma\"  class=\"wpcf7-form-control wpcf7-text\" type=\"text\" name=\"firma\" value=\"\" size=\"40\" tabindex=\"-1\" autocomplete=\"new-password\" \/><\/span>\n\t<\/p>\n\t<div class=\"col-md-6\">\n\t\t<p><span class=\"wpcf7-form-control-wrap\" data-name=\"name-586\"><input size=\"40\" maxlength=\"400\" class=\"wpcf7-form-control wpcf7-text wpcf7-validates-as-required\" aria-required=\"true\" aria-invalid=\"false\" placeholder=\"Telefonnummer\" value=\"\" type=\"text\" name=\"name-586\" \/><\/span>\n\t\t<\/p>\n\t<\/div>\n\t<div class=\"col-md-12\">\n\t\t<p><span class=\"wpcf7-form-control-wrap\" data-name=\"message-116\"><textarea cols=\"10\" rows=\"4\" maxlength=\"2000\" class=\"wpcf7-form-control wpcf7-textarea wpcf7-validates-as-required\" aria-required=\"true\" aria-invalid=\"false\" placeholder=\"Ihre Nachricht an uns\" name=\"message-116\"><\/textarea><\/span>\n\t\t<\/p>\n\t<\/div>\n\t<div class=\"col-md-12\">\n\t\t<p><span class=\"wpcf7-form-control-wrap\" data-name=\"upload-file-79\"><input size=\"40\" class=\"wpcf7-form-control wpcf7-drag-n-drop-file d-none\" aria-invalid=\"false\" type=\"file\" multiple=\"multiple\" data-name=\"upload-file-79\" data-type=\"jepg|jpg|png|gif|pdf\" data-id=\"20011\" data-version=\"free version 1.3.9.2\" accept=\".jepg, .jpg, .png, .gif, .pdf\" \/><\/span>\n\t\t<\/p>\n\t<\/div>\n\t<div class=\"col-md-12\">\n\t\t<p><span id=\"wpcf7-69e18f04be7bb-wrapper\" class=\"wpcf7-form-control-wrap webseite-885-wrap\" style=\"display:none !important; visibility:hidden !important;\"><input type=\"hidden\" name=\"webseite-885-time-start\" value=\"1776389892\"><input type=\"hidden\" name=\"webseite-885-time-check\" value=\"4\"><label for=\"wpcf7-69e18f04be7bb-field\" class=\"hp-message\">Bitte lasse dieses Feld leer.<\/label><input id=\"wpcf7-69e18f04be7bb-field\"  placeholder=\"Ihre Webseite\"  class=\"wpcf7-form-control wpcf7-text\" type=\"text\" name=\"webseite-885\" value=\"\" size=\"40\" tabindex=\"-1\" autocomplete=\"new-password\" \/><\/span>\n\t\t<\/p>\n\t<\/div>\n\t<div class=\"col-md-12\">\n\t\t<p><span class=\"wpcf7-form-control-wrap\" data-name=\"acceptance-363\"><span class=\"wpcf7-form-control wpcf7-acceptance\"><span class=\"wpcf7-list-item\"><label><input type=\"checkbox\" name=\"acceptance-363\" value=\"1\" aria-invalid=\"false\" \/><span class=\"wpcf7-list-item-label\">Ich akzeptiere die<a style=\"color: black;\" href=\"\/de\/datenschutz\" target=\"_blank\">&nbsp;Datenschutzbestimmungen <\/a><\/span><\/label><\/span><\/span><\/span>\n\t\t<\/p>\n\t<\/div>\n\t<div class=\"col-md-12\">\n\t\t<p><input class=\"wpcf7-form-control wpcf7-submit has-spinner\" type=\"submit\" value=\"Senden\" \/>\n\t\t<\/p>\n\t<\/div>\n<\/div><div class=\"wpcf7-response-output\" aria-hidden=\"true\"><\/div>\n<\/form>\n<\/div>\n\t<\/div>\n\n\t\t\t\t\t<\/div>\n\t\t\t\t<\/div>\n\t\t\t\t\t<\/div>\n\t\t<\/div>\n\t\t\t\t\t<\/div>\n\t\t<\/section>\n\t\t\t\t<\/div>\n\t\t","protected":false},"excerpt":{"rendered":"<p>Kontakt zu Evocom Ben\u00f6tigen Sie weitere Informationen oder haben Sie einen Prozess oder Workflow, zu dem Sie eine fachliche Einsch\u00e4tzung ben\u00f6tigen? Senden Sie uns eine Nachricht und ein Evocom-Mitarbeiter wird sich so schnell wie m\u00f6glich mit Ihnen in Verbindung setzen. Bitte lasse dieses Feld leer. Ich akzeptiere die Datenschutzbestimmungen<\/p>\n","protected":false},"author":2,"featured_media":0,"parent":0,"menu_order":0,"comment_status":"closed","ping_status":"closed","template":"","meta":{"footnotes":""},"class_list":["post-18467","page","type-page","status-publish","hentry"],"yoast_head":"<!-- This site is optimized with the Yoast SEO plugin v26.5 - https:\/\/yoast.com\/wordpress\/plugins\/seo\/ -->\n<title>Kontakt Evocom<\/title>\n<meta name=\"description\" content=\"Lassen Sie uns miteinander sprechen. \u00dcber Ihre Anforderungen und unser Angebot. Einfachheit ist der Schl\u00fcssel zum Erfolg.\" \/>\n<meta name=\"robots\" content=\"index, follow, max-snippet:-1, max-image-preview:large, max-video-preview:-1\" \/>\n<link rel=\"canonical\" href=\"https:\/\/evocom.net\/de\/kontakt\/\" \/>\n<meta property=\"og:locale\" content=\"de_DE\" \/>\n<meta property=\"og:type\" content=\"article\" \/>\n<meta property=\"og:title\" content=\"Kontakt Evocom\" \/>\n<meta property=\"og:description\" content=\"Lassen Sie uns miteinander sprechen. \u00dcber Ihre Anforderungen und unser Angebot. Einfachheit ist der Schl\u00fcssel zum Erfolg.\" \/>\n<meta property=\"og:url\" content=\"https:\/\/evocom.net\/de\/kontakt\/\" \/>\n<meta property=\"og:site_name\" content=\"Evocom.net\" \/>\n<meta property=\"article:modified_time\" content=\"2022-11-15T15:46:50+00:00\" \/>\n<meta property=\"og:image\" content=\"https:\/\/evocom.net\/wp-content\/uploads\/2022\/10\/Contact.png\" \/>\n<meta name=\"twitter:card\" content=\"summary_large_image\" \/>\n<meta name=\"twitter:label1\" content=\"Gesch\u00e4tzte Lesezeit\" \/>\n\t<meta name=\"twitter:data1\" content=\"1\u00a0Minute\" \/>\n<script type=\"application\/ld+json\" class=\"yoast-schema-graph\">{\"@context\":\"https:\/\/schema.org\",\"@graph\":[{\"@type\":\"WebPage\",\"@id\":\"https:\/\/evocom.net\/de\/kontakt\/\",\"url\":\"https:\/\/evocom.net\/de\/kontakt\/\",\"name\":\"Kontakt Evocom\",\"isPartOf\":{\"@id\":\"https:\/\/evocom.net\/de\/#website\"},\"primaryImageOfPage\":{\"@id\":\"https:\/\/evocom.net\/de\/kontakt\/#primaryimage\"},\"image\":{\"@id\":\"https:\/\/evocom.net\/de\/kontakt\/#primaryimage\"},\"thumbnailUrl\":\"https:\/\/evocom.net\/wp-content\/uploads\/2022\/10\/Contact.png\",\"datePublished\":\"2021-08-04T08:07:31+00:00\",\"dateModified\":\"2022-11-15T15:46:50+00:00\",\"description\":\"Lassen Sie uns miteinander sprechen. \u00dcber Ihre Anforderungen und unser Angebot. Einfachheit ist der Schl\u00fcssel zum Erfolg.\",\"breadcrumb\":{\"@id\":\"https:\/\/evocom.net\/de\/kontakt\/#breadcrumb\"},\"inLanguage\":\"de\",\"potentialAction\":[{\"@type\":\"ReadAction\",\"target\":[\"https:\/\/evocom.net\/de\/kontakt\/\"]}]},{\"@type\":\"ImageObject\",\"inLanguage\":\"de\",\"@id\":\"https:\/\/evocom.net\/de\/kontakt\/#primaryimage\",\"url\":\"https:\/\/evocom.net\/wp-content\/uploads\/2022\/10\/Contact.png\",\"contentUrl\":\"https:\/\/evocom.net\/wp-content\/uploads\/2022\/10\/Contact.png\"},{\"@type\":\"BreadcrumbList\",\"@id\":\"https:\/\/evocom.net\/de\/kontakt\/#breadcrumb\",\"itemListElement\":[{\"@type\":\"ListItem\",\"position\":1,\"name\":\"Startseite\",\"item\":\"https:\/\/evocom.net\/de\/\"},{\"@type\":\"ListItem\",\"position\":2,\"name\":\"Kontakt\"}]},{\"@type\":\"WebSite\",\"@id\":\"https:\/\/evocom.net\/de\/#website\",\"url\":\"https:\/\/evocom.net\/de\/\",\"name\":\"Evocom.net\",\"description\":\"Prozessdigitalisierung ist einfach!\",\"publisher\":{\"@id\":\"https:\/\/evocom.net\/de\/#organization\"},\"potentialAction\":[{\"@type\":\"SearchAction\",\"target\":{\"@type\":\"EntryPoint\",\"urlTemplate\":\"https:\/\/evocom.net\/de\/?s={search_term_string}\"},\"query-input\":{\"@type\":\"PropertyValueSpecification\",\"valueRequired\":true,\"valueName\":\"search_term_string\"}}],\"inLanguage\":\"de\"},{\"@type\":\"Organization\",\"@id\":\"https:\/\/evocom.net\/de\/#organization\",\"name\":\"Evocom.net\",\"url\":\"https:\/\/evocom.net\/de\/\",\"logo\":{\"@type\":\"ImageObject\",\"inLanguage\":\"de\",\"@id\":\"https:\/\/evocom.net\/de\/#\/schema\/logo\/image\/\",\"url\":\"https:\/\/evocom.net\/wp-content\/uploads\/2022\/07\/EvocomLogo120x15px-2.png\",\"contentUrl\":\"https:\/\/evocom.net\/wp-content\/uploads\/2022\/07\/EvocomLogo120x15px-2.png\",\"width\":253,\"height\":32,\"caption\":\"Evocom.net\"},\"image\":{\"@id\":\"https:\/\/evocom.net\/de\/#\/schema\/logo\/image\/\"}}]}<\/script>\n<!-- \/ Yoast SEO plugin. -->","yoast_head_json":{"title":"Kontakt Evocom","description":"Lassen Sie uns miteinander sprechen. \u00dcber Ihre Anforderungen und unser Angebot. Einfachheit ist der Schl\u00fcssel zum Erfolg.","robots":{"index":"index","follow":"follow","max-snippet":"max-snippet:-1","max-image-preview":"max-image-preview:large","max-video-preview":"max-video-preview:-1"},"canonical":"https:\/\/evocom.net\/de\/kontakt\/","og_locale":"de_DE","og_type":"article","og_title":"Kontakt Evocom","og_description":"Lassen Sie uns miteinander sprechen. \u00dcber Ihre Anforderungen und unser Angebot. Einfachheit ist der Schl\u00fcssel zum Erfolg.","og_url":"https:\/\/evocom.net\/de\/kontakt\/","og_site_name":"Evocom.net","article_modified_time":"2022-11-15T15:46:50+00:00","og_image":[{"url":"https:\/\/evocom.net\/wp-content\/uploads\/2022\/10\/Contact.png","type":"","width":"","height":""}],"twitter_card":"summary_large_image","twitter_misc":{"Gesch\u00e4tzte Lesezeit":"1\u00a0Minute"},"schema":{"@context":"https:\/\/schema.org","@graph":[{"@type":"WebPage","@id":"https:\/\/evocom.net\/de\/kontakt\/","url":"https:\/\/evocom.net\/de\/kontakt\/","name":"Kontakt Evocom","isPartOf":{"@id":"https:\/\/evocom.net\/de\/#website"},"primaryImageOfPage":{"@id":"https:\/\/evocom.net\/de\/kontakt\/#primaryimage"},"image":{"@id":"https:\/\/evocom.net\/de\/kontakt\/#primaryimage"},"thumbnailUrl":"https:\/\/evocom.net\/wp-content\/uploads\/2022\/10\/Contact.png","datePublished":"2021-08-04T08:07:31+00:00","dateModified":"2022-11-15T15:46:50+00:00","description":"Lassen Sie uns miteinander sprechen. \u00dcber Ihre Anforderungen und unser Angebot. Einfachheit ist der Schl\u00fcssel zum Erfolg.","breadcrumb":{"@id":"https:\/\/evocom.net\/de\/kontakt\/#breadcrumb"},"inLanguage":"de","potentialAction":[{"@type":"ReadAction","target":["https:\/\/evocom.net\/de\/kontakt\/"]}]},{"@type":"ImageObject","inLanguage":"de","@id":"https:\/\/evocom.net\/de\/kontakt\/#primaryimage","url":"https:\/\/evocom.net\/wp-content\/uploads\/2022\/10\/Contact.png","contentUrl":"https:\/\/evocom.net\/wp-content\/uploads\/2022\/10\/Contact.png"},{"@type":"BreadcrumbList","@id":"https:\/\/evocom.net\/de\/kontakt\/#breadcrumb","itemListElement":[{"@type":"ListItem","position":1,"name":"Startseite","item":"https:\/\/evocom.net\/de\/"},{"@type":"ListItem","position":2,"name":"Kontakt"}]},{"@type":"WebSite","@id":"https:\/\/evocom.net\/de\/#website","url":"https:\/\/evocom.net\/de\/","name":"Evocom.net","description":"Prozessdigitalisierung ist einfach!","publisher":{"@id":"https:\/\/evocom.net\/de\/#organization"},"potentialAction":[{"@type":"SearchAction","target":{"@type":"EntryPoint","urlTemplate":"https:\/\/evocom.net\/de\/?s={search_term_string}"},"query-input":{"@type":"PropertyValueSpecification","valueRequired":true,"valueName":"search_term_string"}}],"inLanguage":"de"},{"@type":"Organization","@id":"https:\/\/evocom.net\/de\/#organization","name":"Evocom.net","url":"https:\/\/evocom.net\/de\/","logo":{"@type":"ImageObject","inLanguage":"de","@id":"https:\/\/evocom.net\/de\/#\/schema\/logo\/image\/","url":"https:\/\/evocom.net\/wp-content\/uploads\/2022\/07\/EvocomLogo120x15px-2.png","contentUrl":"https:\/\/evocom.net\/wp-content\/uploads\/2022\/07\/EvocomLogo120x15px-2.png","width":253,"height":32,"caption":"Evocom.net"},"image":{"@id":"https:\/\/evocom.net\/de\/#\/schema\/logo\/image\/"}}]}},"_links":{"self":[{"href":"https:\/\/evocom.net\/de\/wp-json\/wp\/v2\/pages\/18467","targetHints":{"allow":["GET"]}}],"collection":[{"href":"https:\/\/evocom.net\/de\/wp-json\/wp\/v2\/pages"}],"about":[{"href":"https:\/\/evocom.net\/de\/wp-json\/wp\/v2\/types\/page"}],"author":[{"embeddable":true,"href":"https:\/\/evocom.net\/de\/wp-json\/wp\/v2\/users\/2"}],"replies":[{"embeddable":true,"href":"https:\/\/evocom.net\/de\/wp-json\/wp\/v2\/comments?post=18467"}],"version-history":[{"count":0,"href":"https:\/\/evocom.net\/de\/wp-json\/wp\/v2\/pages\/18467\/revisions"}],"wp:attachment":[{"href":"https:\/\/evocom.net\/de\/wp-json\/wp\/v2\/media?parent=18467"}],"curies":[{"name":"wp","href":"https:\/\/api.w.org\/{rel}","templated":true}]}}